{"id":515,"date":"2018-03-03T18:16:38","date_gmt":"2018-03-03T17:16:38","guid":{"rendered":"http:\/\/acamontagne.com\/?page_id=515"},"modified":"2018-03-03T18:24:33","modified_gmt":"2018-03-03T17:24:33","slug":"montee-au-breithorn-2","status":"publish","type":"page","link":"https:\/\/acamontagne.com\/?page_id=515","title":{"rendered":"Mont\u00e9e au Breithorn 2"},"content":{"rendered":"<figure id=\"attachment_514\" aria-describedby=\"caption-attachment-514\" style=\"width: 1000px\" class=\"wp-caption alignnone\"><a href=\"http:\/\/acamontagne.com\/wp-content\/Panoramas\/Montee%20au%20Breithorn%202\/montee%20breithorn%202.html\"><img loading=\"lazy\" decoding=\"async\" class=\"wp-image-514\" src=\"http:\/\/acamontagne.com\/wp-content\/uploads\/2018\/03\/Mont\u00e9e-au-Breithorn2-300x106.jpg\" alt=\"\" width=\"1000\" height=\"354\" srcset=\"https:\/\/acamontagne.com\/wp-content\/uploads\/2018\/03\/Mont\u00e9e-au-Breithorn2-300x106.jpg 300w, https:\/\/acamontagne.com\/wp-content\/uploads\/2018\/03\/Mont\u00e9e-au-Breithorn2-768x272.jpg 768w, https:\/\/acamontagne.com\/wp-content\/uploads\/2018\/03\/Mont\u00e9e-au-Breithorn2-1200x424.jpg 1200w\" sizes=\"auto, (max-width: 706px) 89vw, (max-width: 767px) 82vw, 740px\" \/><\/a><figcaption id=\"caption-attachment-514\" class=\"wp-caption-text\"><a href=\"http:\/\/acamontagne.com\/wp-content\/Panoramas\/Montee%20au%20Breithorn%202\/montee%20breithorn%202.html\">Mont\u00e9e au Breithorn du Simplon (3437 m\u00e8tres)<\/a><\/figcaption><\/figure>\n<p><a href=\"http:\/\/acamontagne.com\/wp-content\/Panoramas\/Montee%20au%20Breithorn%202\/montee%20breithorn%202.html\">Photo immersive 360\u00b0 prise avec le drone DJI Spark.<\/a><\/p>\n<p>Vous pouvez zoomer \u00e0 volont\u00e9 dans l&rsquo;image et vous d\u00e9placer \u00e0 l&rsquo;aide du clavier ou de la souris.<\/p>\n","protected":false},"excerpt":{"rendered":"<p>Photo immersive 360\u00b0 prise avec le drone DJI Spark. Vous pouvez zoomer \u00e0 volont\u00e9 dans l&rsquo;image et vous d\u00e9placer \u00e0 l&rsquo;aide du clavier ou de la souris.<\/p>\n","protected":false},"author":1,"featured_media":0,"parent":475,"menu_order":17,"comment_status":"closed","ping_status":"closed","template":"","meta":{"_monsterinsights_skip_tracking":false,"_monsterinsights_sitenote_active":false,"_monsterinsights_sitenote_note":"","_monsterinsights_sitenote_category":0,"ngg_post_thumbnail":0,"footnotes":""},"class_list":["post-515","page","type-page","status-publish","hentry"],"jetpack_sharing_enabled":true,"_links":{"self":[{"href":"https:\/\/acamontagne.com\/index.php?rest_route=\/wp\/v2\/pages\/515","targetHints":{"allow":["GET"]}}],"collection":[{"href":"https:\/\/acamontagne.com\/index.php?rest_route=\/wp\/v2\/pages"}],"about":[{"href":"https:\/\/acamontagne.com\/index.php?rest_route=\/wp\/v2\/types\/page"}],"author":[{"embeddable":true,"href":"https:\/\/acamontagne.com\/index.php?rest_route=\/wp\/v2\/users\/1"}],"replies":[{"embeddable":true,"href":"https:\/\/acamontagne.com\/index.php?rest_route=%2Fwp%2Fv2%2Fcomments&post=515"}],"version-history":[{"count":6,"href":"https:\/\/acamontagne.com\/index.php?rest_route=\/wp\/v2\/pages\/515\/revisions"}],"predecessor-version":[{"id":522,"href":"https:\/\/acamontagne.com\/index.php?rest_route=\/wp\/v2\/pages\/515\/revisions\/522"}],"up":[{"embeddable":true,"href":"https:\/\/acamontagne.com\/index.php?rest_route=\/wp\/v2\/pages\/475"}],"wp:attachment":[{"href":"https:\/\/acamontagne.com\/index.php?rest_route=%2Fwp%2Fv2%2Fmedia&parent=515"}],"curies":[{"name":"wp","href":"https:\/\/api.w.org\/{rel}","templated":true}]}}