{"id":477,"date":"2018-03-03T11:45:10","date_gmt":"2018-03-03T10:45:10","guid":{"rendered":"http:\/\/acamontagne.com\/?page_id=477"},"modified":"2018-03-03T18:26:41","modified_gmt":"2018-03-03T17:26:41","slug":"col-du-simplon","status":"publish","type":"page","link":"https:\/\/acamontagne.com\/?page_id=477","title":{"rendered":"Col du Simplon"},"content":{"rendered":"<p class=\"hide-if-no-js\"><a id=\"set-post-thumbnail\" class=\"thickbox\" href=\"http:\/\/acamontagne.com\/wp-content\/Panoramas\/Simplon1\/pano%20hospice.html\" aria-describedby=\"set-post-thumbnail-desc\"><img loading=\"lazy\" decoding=\"async\" class=\"attachment-266x266 alignnone\" src=\"http:\/\/acamontagne.com\/wp-content\/uploads\/2018\/02\/Hospice-Pano.jpg\" sizes=\"auto, 100vw\" srcset=\"http:\/\/acamontagne.com\/wp-content\/uploads\/2018\/02\/Hospice-Pano.jpg 2000w, http:\/\/acamontagne.com\/wp-content\/uploads\/2018\/02\/Hospice-Pano-300x107.jpg 300w, http:\/\/acamontagne.com\/wp-content\/uploads\/2018\/02\/Hospice-Pano-768x273.jpg 768w, http:\/\/acamontagne.com\/wp-content\/uploads\/2018\/02\/Hospice-Pano-1200x426.jpg 1200w\" alt=\"\" width=\"847\" height=\"301\" \/><\/a><\/p>\n<p><a href=\"http:\/\/acamontagne.com\/wp-content\/Panoramas\/Simplon1\/pano%20hospice.html\">Photo 360\u00b0 immersive prise \u00e0 l&rsquo;aide du drone DJI Spark.<\/a><\/p>\n<p>Vous pouvez zoomer \u00e0 volont\u00e9 dans l&rsquo;image et vous d\u00e9placer \u00e0 l&rsquo;aide du clavier ou de la souris.<\/p>\n","protected":false},"excerpt":{"rendered":"<p>Photo 360\u00b0 immersive prise \u00e0 l&rsquo;aide du drone DJI Spark. Vous pouvez zoomer \u00e0 volont\u00e9 dans l&rsquo;image et vous d\u00e9placer \u00e0 l&rsquo;aide du clavier ou de la souris.<\/p>\n","protected":false},"author":1,"featured_media":0,"parent":475,"menu_order":7,"comment_status":"closed","ping_status":"closed","template":"","meta":{"_monsterinsights_skip_tracking":false,"_monsterinsights_sitenote_active":false,"_monsterinsights_sitenote_note":"","_monsterinsights_sitenote_category":0,"ngg_post_thumbnail":0,"footnotes":""},"class_list":["post-477","page","type-page","status-publish","hentry"],"jetpack_sharing_enabled":true,"_links":{"self":[{"href":"https:\/\/acamontagne.com\/index.php?rest_route=\/wp\/v2\/pages\/477","targetHints":{"allow":["GET"]}}],"collection":[{"href":"https:\/\/acamontagne.com\/index.php?rest_route=\/wp\/v2\/pages"}],"about":[{"href":"https:\/\/acamontagne.com\/index.php?rest_route=\/wp\/v2\/types\/page"}],"author":[{"embeddable":true,"href":"https:\/\/acamontagne.com\/index.php?rest_route=\/wp\/v2\/users\/1"}],"replies":[{"embeddable":true,"href":"https:\/\/acamontagne.com\/index.php?rest_route=%2Fwp%2Fv2%2Fcomments&post=477"}],"version-history":[{"count":7,"href":"https:\/\/acamontagne.com\/index.php?rest_route=\/wp\/v2\/pages\/477\/revisions"}],"predecessor-version":[{"id":524,"href":"https:\/\/acamontagne.com\/index.php?rest_route=\/wp\/v2\/pages\/477\/revisions\/524"}],"up":[{"embeddable":true,"href":"https:\/\/acamontagne.com\/index.php?rest_route=\/wp\/v2\/pages\/475"}],"wp:attachment":[{"href":"https:\/\/acamontagne.com\/index.php?rest_route=%2Fwp%2Fv2%2Fmedia&parent=477"}],"curies":[{"name":"wp","href":"https:\/\/api.w.org\/{rel}","templated":true}]}}