{"id":475,"date":"2018-03-03T11:43:56","date_gmt":"2018-03-03T10:43:56","guid":{"rendered":"http:\/\/acamontagne.com\/?page_id=475"},"modified":"2019-07-30T21:25:33","modified_gmt":"2019-07-30T20:25:33","slug":"panoramas","status":"publish","type":"page","link":"https:\/\/acamontagne.com\/?page_id=475","title":{"rendered":"Panoramas immersifs en 360\u00b0"},"content":{"rendered":"<p>Retrouvez les panoramas 360\u00b0 immersifs.<\/p>\n<p>Zoomez, d\u00e9zoomez, d\u00e9placez-vous \u00e0 loisir dans le paysage \u00e0 droite \u00e0 gauche \u00e0 l&rsquo;aide du clavier ou de la souris, et plonger dans des lieux magiques&#8230;.<\/p>\n<p>Choisissez votre panorama \u00e0 partir du menu d\u00e9roulant ou \u00e0 partir des images ci-dessous.<\/p>\n<figure id=\"attachment_491\" aria-describedby=\"caption-attachment-491\" style=\"width: 300px\" class=\"wp-caption alignnone\"><a href=\"http:\/\/acamontagne.com\/wp-content\/Panoramas\/Bochard\/Pano%20Bochard.html\"><img loading=\"lazy\" decoding=\"async\" class=\"size-medium wp-image-491\" src=\"http:\/\/acamontagne.com\/wp-content\/uploads\/2018\/03\/Pano-Bochard-300x130.jpg\" alt=\"\" width=\"300\" height=\"130\" srcset=\"https:\/\/acamontagne.com\/wp-content\/uploads\/2018\/03\/Pano-Bochard-300x130.jpg 300w, https:\/\/acamontagne.com\/wp-content\/uploads\/2018\/03\/Pano-Bochard-768x333.jpg 768w, https:\/\/acamontagne.com\/wp-content\/uploads\/2018\/03\/Pano-Bochard-1200x521.jpg 1200w\" sizes=\"auto, (max-width: 300px) 100vw, 300px\" \/><\/a><figcaption id=\"caption-attachment-491\" class=\"wp-caption-text\">Panorma Bochard. Domaine des grands Montets. Vall\u00e9e de Chamonix<\/figcaption><\/figure>\n<figure id=\"attachment_459\" aria-describedby=\"caption-attachment-459\" style=\"width: 300px\" class=\"wp-caption alignnone\"><a href=\"http:\/\/acamontagne.com\/wp-content\/Panoramas\/Simplon1\/pano%20hospice.html\"><img loading=\"lazy\" decoding=\"async\" class=\"size-medium wp-image-459\" src=\"http:\/\/acamontagne.com\/wp-content\/uploads\/2018\/02\/Hospice-Pano-300x107.jpg\" alt=\"\" width=\"300\" height=\"107\" srcset=\"https:\/\/acamontagne.com\/wp-content\/uploads\/2018\/02\/Hospice-Pano-300x107.jpg 300w, https:\/\/acamontagne.com\/wp-content\/uploads\/2018\/02\/Hospice-Pano-768x273.jpg 768w, https:\/\/acamontagne.com\/wp-content\/uploads\/2018\/02\/Hospice-Pano-1200x426.jpg 1200w, https:\/\/acamontagne.com\/wp-content\/uploads\/2018\/02\/Hospice-Pano.jpg 2000w\" sizes=\"auto, (max-width: 300px) 100vw, 300px\" \/><\/a><figcaption id=\"caption-attachment-459\" class=\"wp-caption-text\">Hospice du Simplon. 2005 m\u00e8tres.<\/figcaption><\/figure>\n<figure id=\"attachment_509\" aria-describedby=\"caption-attachment-509\" style=\"width: 300px\" class=\"wp-caption alignnone\"><a href=\"http:\/\/acamontagne.com\/wp-content\/Panoramas\/Simplon2\/Simplon2.html\"><img loading=\"lazy\" decoding=\"async\" class=\"wp-image-509 size-medium\" src=\"http:\/\/acamontagne.com\/wp-content\/uploads\/2018\/03\/Simplon2-300x105.jpg\" alt=\"\" width=\"300\" height=\"105\" srcset=\"https:\/\/acamontagne.com\/wp-content\/uploads\/2018\/03\/Simplon2-300x105.jpg 300w, https:\/\/acamontagne.com\/wp-content\/uploads\/2018\/03\/Simplon2-768x269.jpg 768w, https:\/\/acamontagne.com\/wp-content\/uploads\/2018\/03\/Simplon2-1200x421.jpg 1200w\" sizes=\"auto, (max-width: 300px) 100vw, 300px\" \/><\/a><figcaption id=\"caption-attachment-509\" class=\"wp-caption-text\">Col du Simplon. Second panorama. En premier plan, le Monast\u00e8re.<\/figcaption><\/figure>\n<figure id=\"attachment_511\" aria-describedby=\"caption-attachment-511\" style=\"width: 300px\" class=\"wp-caption alignnone\"><a href=\"http:\/\/acamontagne.com\/wp-content\/Panoramas\/Montee%20au%20Breithorn\/Montee%20au%20Breithorn.html\"><img loading=\"lazy\" decoding=\"async\" class=\"size-medium wp-image-511\" src=\"http:\/\/acamontagne.com\/wp-content\/uploads\/2018\/03\/Montee-Breithorn-300x105.jpg\" alt=\"\" width=\"300\" height=\"105\" srcset=\"https:\/\/acamontagne.com\/wp-content\/uploads\/2018\/03\/Montee-Breithorn-300x105.jpg 300w, https:\/\/acamontagne.com\/wp-content\/uploads\/2018\/03\/Montee-Breithorn-768x269.jpg 768w, https:\/\/acamontagne.com\/wp-content\/uploads\/2018\/03\/Montee-Breithorn-1200x421.jpg 1200w\" sizes=\"auto, (max-width: 300px) 100vw, 300px\" \/><\/a><figcaption id=\"caption-attachment-511\" class=\"wp-caption-text\">Mont\u00e9e au Breithorn (Simplon, 3437 m\u00e8tres)<\/figcaption><\/figure>\n<figure id=\"attachment_514\" aria-describedby=\"caption-attachment-514\" style=\"width: 300px\" class=\"wp-caption alignnone\"><a href=\"http:\/\/acamontagne.com\/wp-content\/Panoramas\/Montee%20au%20Breithorn%202\/montee%20breithorn%202.html\"><img loading=\"lazy\" decoding=\"async\" class=\"size-medium wp-image-514\" src=\"http:\/\/acamontagne.com\/wp-content\/uploads\/2018\/03\/Mont\u00e9e-au-Breithorn2-300x106.jpg\" alt=\"\" width=\"300\" height=\"106\" srcset=\"https:\/\/acamontagne.com\/wp-content\/uploads\/2018\/03\/Mont\u00e9e-au-Breithorn2-300x106.jpg 300w, https:\/\/acamontagne.com\/wp-content\/uploads\/2018\/03\/Mont\u00e9e-au-Breithorn2-768x272.jpg 768w, https:\/\/acamontagne.com\/wp-content\/uploads\/2018\/03\/Mont\u00e9e-au-Breithorn2-1200x424.jpg 1200w\" sizes=\"auto, (max-width: 300px) 100vw, 300px\" \/><\/a><figcaption id=\"caption-attachment-514\" class=\"wp-caption-text\">Mont\u00e9e au Breithorn du Simplon. Second panorama.<\/figcaption><\/figure>\n","protected":false},"excerpt":{"rendered":"<p>Retrouvez les panoramas 360\u00b0 immersifs. Zoomez, d\u00e9zoomez, d\u00e9placez-vous \u00e0 loisir dans le paysage \u00e0 droite \u00e0 gauche \u00e0 l&rsquo;aide du clavier ou de la souris, et plonger dans des lieux magiques&#8230;. Choisissez votre panorama \u00e0 partir du menu d\u00e9roulant ou \u00e0 partir des images ci-dessous.<\/p>\n","protected":false},"author":1,"featured_media":0,"parent":0,"menu_order":18,"comment_status":"closed","ping_status":"closed","template":"","meta":{"_monsterinsights_skip_tracking":false,"_monsterinsights_sitenote_active":false,"_monsterinsights_sitenote_note":"","_monsterinsights_sitenote_category":0,"ngg_post_thumbnail":0,"footnotes":""},"class_list":["post-475","page","type-page","status-publish","hentry"],"jetpack_sharing_enabled":true,"_links":{"self":[{"href":"https:\/\/acamontagne.com\/index.php?rest_route=\/wp\/v2\/pages\/475","targetHints":{"allow":["GET"]}}],"collection":[{"href":"https:\/\/acamontagne.com\/index.php?rest_route=\/wp\/v2\/pages"}],"about":[{"href":"https:\/\/acamontagne.com\/index.php?rest_route=\/wp\/v2\/types\/page"}],"author":[{"embeddable":true,"href":"https:\/\/acamontagne.com\/index.php?rest_route=\/wp\/v2\/users\/1"}],"replies":[{"embeddable":true,"href":"https:\/\/acamontagne.com\/index.php?rest_route=%2Fwp%2Fv2%2Fcomments&post=475"}],"version-history":[{"count":7,"href":"https:\/\/acamontagne.com\/index.php?rest_route=\/wp\/v2\/pages\/475\/revisions"}],"predecessor-version":[{"id":912,"href":"https:\/\/acamontagne.com\/index.php?rest_route=\/wp\/v2\/pages\/475\/revisions\/912"}],"wp:attachment":[{"href":"https:\/\/acamontagne.com\/index.php?rest_route=%2Fwp%2Fv2%2Fmedia&parent=475"}],"curies":[{"name":"wp","href":"https:\/\/api.w.org\/{rel}","templated":true}]}}