{"id":339,"date":"2017-07-23T11:30:46","date_gmt":"2017-07-23T10:30:46","guid":{"rendered":"http:\/\/acamontagne.com\/?page_id=339"},"modified":"2017-07-23T20:30:36","modified_gmt":"2017-07-23T19:30:36","slug":"itineraires-de-randonnee","status":"publish","type":"page","link":"https:\/\/acamontagne.com\/?page_id=339","title":{"rendered":"Itin\u00e9raires de randonn\u00e9e"},"content":{"rendered":"<p>Une envie de ballade ?<\/p>\n<p>Retrouvez ici quelques itin\u00e9raires de randonn\u00e9es, pour tous les \u00e2ges et tous les go\u00fbts.<\/p>\n","protected":false},"excerpt":{"rendered":"<p>Une envie de ballade ? Retrouvez ici quelques itin\u00e9raires de randonn\u00e9es, pour tous les \u00e2ges et tous les go\u00fbts.<\/p>\n","protected":false},"author":1,"featured_media":0,"parent":0,"menu_order":15,"comment_status":"closed","ping_status":"closed","template":"","meta":{"_monsterinsights_skip_tracking":false,"_monsterinsights_sitenote_active":false,"_monsterinsights_sitenote_note":"","_monsterinsights_sitenote_category":0,"ngg_post_thumbnail":0,"footnotes":""},"class_list":["post-339","page","type-page","status-publish","hentry"],"jetpack_sharing_enabled":true,"_links":{"self":[{"href":"https:\/\/acamontagne.com\/index.php?rest_route=\/wp\/v2\/pages\/339","targetHints":{"allow":["GET"]}}],"collection":[{"href":"https:\/\/acamontagne.com\/index.php?rest_route=\/wp\/v2\/pages"}],"about":[{"href":"https:\/\/acamontagne.com\/index.php?rest_route=\/wp\/v2\/types\/page"}],"author":[{"embeddable":true,"href":"https:\/\/acamontagne.com\/index.php?rest_route=\/wp\/v2\/users\/1"}],"replies":[{"embeddable":true,"href":"https:\/\/acamontagne.com\/index.php?rest_route=%2Fwp%2Fv2%2Fcomments&post=339"}],"version-history":[{"count":1,"href":"https:\/\/acamontagne.com\/index.php?rest_route=\/wp\/v2\/pages\/339\/revisions"}],"predecessor-version":[{"id":340,"href":"https:\/\/acamontagne.com\/index.php?rest_route=\/wp\/v2\/pages\/339\/revisions\/340"}],"wp:attachment":[{"href":"https:\/\/acamontagne.com\/index.php?rest_route=%2Fwp%2Fv2%2Fmedia&parent=339"}],"curies":[{"name":"wp","href":"https:\/\/api.w.org\/{rel}","templated":true}]}}